{"id":304,"date":"2025-11-11T12:30:36","date_gmt":"2025-11-11T11:30:36","guid":{"rendered":"https:\/\/azvok.azvo.hr\/?page_id=304"},"modified":"2026-04-28T13:35:03","modified_gmt":"2026-04-28T11:35:03","slug":"konferencije-i-edukacije","status":"publish","type":"page","link":"https:\/\/azvok.azvo.hr\/?page_id=304","title":{"rendered":"Edukacije za visoka u\u010dili\u0161ta"},"content":{"rendered":"\n<div class=\"wp-block-kadence-spacer aligncenter kt-block-spacer-304_ea8180-2d\"><div class=\"kt-block-spacer kt-block-spacer-halign-center\"><hr class=\"kt-divider\"\/><\/div><\/div>\n\n\n\n<details class=\"wp-block-details is-layout-flow wp-block-details-is-layout-flow\"><summary><strong>Seminar Mre\u017ee jedinica sustava osiguravanja i unaprje\u0111ivanja kvalitete na visokim u\u010dili\u0161tima u RH (CroQAnet) (27.04.2026.)<\/strong><\/summary>\n<p><a href=\"https:\/\/www.azvo.hr\/wp-azvo-files\/uploads\/2025\/05\/Informacijski-sustav-pokazatelja-i-kvalitete-ISPiK-i-reakreditacija-visokih-ucilista.pdf\" data-type=\"link\" data-id=\"https:\/\/www.azvo.hr\/wp-azvo-files\/uploads\/2025\/05\/Informacijski-sustav-pokazatelja-i-kvalitete-ISPiK-i-reakreditacija-visokih-ucilista.pdf\"><a href=\"https:\/\/www.azvo.hr\/wp-azvo-files\/uploads\/2026\/04\/Mreza-jedinica-sustava-osiguravanja-i-unaprjedivanja-kvalitete-na-visokim-ucilistima-u-RH-CroQAnet-dr.-sc.-Vesna-Dodikovic-Jurkovic.pdf\" target=\"_blank\" rel=\"noreferrer noopener\">Mre\u017ea jedinica sustava osiguravanja i unaprje\u0111ivanja kvalitete na visokim u\u010dili\u0161tima u RH (CroQAnet), dr. sc. Vesna Dodikovi\u0107 \u2013 Jurkovi\u0107 <strong>PDF | 3 MB<\/strong>\u00a0<\/a><\/a><\/p>\n\n\n\n<p><a href=\"https:\/\/www.azvo.hr\/wp-azvo-files\/uploads\/2025\/05\/Informacijski-sustav-znanosti-RH-CroRIS.pdf\" data-type=\"link\" data-id=\"https:\/\/www.azvo.hr\/wp-azvo-files\/uploads\/2025\/05\/Informacijski-sustav-znanosti-RH-CroRIS.pdf\"><a href=\"https:\/\/www.azvo.hr\/wp-azvo-files\/uploads\/2026\/04\/Prezentacija-prof-Jezic.pdf\" target=\"_blank\" rel=\"noreferrer noopener\">Sustav upravljanja i osiguravanja kvalitete na Sveu\u010dili\u0161tu u Rijeci: 25. godina upravljanja kvalitetom na Sveu\u010dili\u0161tu u Rijeci, prof. dr. sc. Zoran Je\u017ei\u0107 <strong>PDF | 1 MB<\/strong>\u00a0<\/a><\/a><\/p>\n\n\n\n<p><a href=\"https:\/\/www.azvo.hr\/wp-azvo-files\/uploads\/2025\/05\/CroRIS-i-priprema-izvjestaja.pdf\" data-type=\"link\" data-id=\"https:\/\/www.azvo.hr\/wp-azvo-files\/uploads\/2025\/05\/CroRIS-i-priprema-izvjestaja.pdf\"><a href=\"https:\/\/www.azvo.hr\/wp-azvo-files\/uploads\/2026\/04\/ZSEM-SOK-AZVO-27.04.26.pdf\" target=\"_blank\" rel=\"noreferrer noopener\">Sustav osiguravanja i unaprje\u0111ivanja kvalitete visokog u\u010dili\u0161ta \u2013 primjer dobre prakse veleu\u010dili\u0161ta: Zagreba\u010dka \u0161kola ekonomije i managementa, prof. dr.s c. Maja Martinovi\u0107, prof. stru\u010d. stud.<\/a><\/a><\/p>\n<\/details>\n\n\n\n<div class=\"wp-block-kadence-spacer aligncenter kt-block-spacer-304_63ab4d-ac\"><div class=\"kt-block-spacer kt-block-spacer-halign-center\"><hr class=\"kt-divider\"\/><\/div><\/div>\n\n\n\n<details class=\"wp-block-details is-layout-flow wp-block-details-is-layout-flow\"><summary><strong>Primjeri dobre prakse u provo\u0111enju aktivnosti podr\u0161ke nastavnicima u ja\u010danju nastavni\u010dkih kompetencija na visokim u\u010dili\u0161tima u Republici Hrvatskoj (24.04.2026.)<\/strong><\/summary>\n<p><a href=\"https:\/\/www.azvo.hr\/wp-azvo-files\/uploads\/2025\/05\/Informacijski-sustav-pokazatelja-i-kvalitete-ISPiK-i-reakreditacija-visokih-ucilista.pdf\" data-type=\"link\" data-id=\"https:\/\/www.azvo.hr\/wp-azvo-files\/uploads\/2025\/05\/Informacijski-sustav-pokazatelja-i-kvalitete-ISPiK-i-reakreditacija-visokih-ucilista.pdf\"><a href=\"https:\/\/www.azvo.hr\/wp-azvo-files\/uploads\/2026\/04\/Prof.-Luketic.pdf\" target=\"_blank\" rel=\"noreferrer noopener\">\u201eIzme\u0111u akademske prakse i profesionalne odgovornosti: nastavni\u010dke kompetencije visoko\u0161kolskih nastavnika u svjetlu EHEA politika i nacionalnih izazova\u201c, izv. prof. dr. sc. Daliborka Luketi\u0107, Sveu\u010dili\u0161te u Zadru<strong> PDF | 643 KB<\/strong>\u00a0<\/a><\/a><\/p>\n\n\n\n<p><a href=\"https:\/\/www.azvo.hr\/wp-azvo-files\/uploads\/2025\/05\/Informacijski-sustav-znanosti-RH-CroRIS.pdf\" data-type=\"link\" data-id=\"https:\/\/www.azvo.hr\/wp-azvo-files\/uploads\/2025\/05\/Informacijski-sustav-znanosti-RH-CroRIS.pdf\"><a href=\"https:\/\/www.azvo.hr\/wp-azvo-files\/uploads\/2026\/04\/Prof.-Pereza.pdf\" target=\"_blank\" rel=\"noreferrer noopener\">\u201eKako izgraditi odr\u017eiv sustav ja\u010danja nastavni\u010dkih kompetencija u visokom obrazovanju: rije\u010dko iskustvo od ideje do uspje\u0161nog modela\u201c, izv. prof. dr. sc. Nina Pereza, Sveu\u010dili\u0161te u Rijeci<strong> PDF | 7 MB<\/strong>\u00a0<\/a><\/a><\/p>\n\n\n\n<p><a href=\"https:\/\/www.azvo.hr\/wp-azvo-files\/uploads\/2025\/05\/CroRIS-i-priprema-izvjestaja.pdf\" data-type=\"link\" data-id=\"https:\/\/www.azvo.hr\/wp-azvo-files\/uploads\/2025\/05\/CroRIS-i-priprema-izvjestaja.pdf\"><a href=\"https:\/\/www.azvo.hr\/wp-azvo-files\/uploads\/2026\/04\/Prof.-Tomic.pdf\" target=\"_blank\" rel=\"noreferrer noopener\">\u201eNastavni\u010dke kompetencije visoko\u0161kolskih nastavnika na Sveu\u010dili\u0161tu u Zagrebu: stanje i perspektive\u201c, izv. prof. dr. sc. Diana Tomi\u0107, Filozofski fakultet Sveu\u010dili\u0161ta u Zagrebu <strong>PDF | 930 KB<\/strong>\u00a0<\/a><\/a><\/p>\n\n\n\n<p><a href=\"https:\/\/www.azvo.hr\/wp-azvo-files\/uploads\/2025\/05\/PROGRAM-EDUKACIJE-ZA-UNOS-PODATAKA-U-POSTUPKU-REAKREDITACIJE-ZA-VISOKA-UCILISTA.pdf\" data-type=\"link\" data-id=\"https:\/\/www.azvo.hr\/wp-azvo-files\/uploads\/2025\/05\/PROGRAM-EDUKACIJE-ZA-UNOS-PODATAKA-U-POSTUPKU-REAKREDITACIJE-ZA-VISOKA-UCILISTA.pdf\"><a href=\"https:\/\/www.azvo.hr\/wp-azvo-files\/uploads\/2026\/04\/Prof.-Busljeta-Kardum.pdf\" target=\"_blank\" rel=\"noreferrer noopener\">\u201eRazvoj nastavni\u010dkih kompetencija za izvrsnost u visokom obrazovanju: primjer programa cjelo\u017eivotnog obrazovanja\u201c, izv. prof. dr. sc. Rona Bu\u0161ljeta Kardum, Fakultet hrvatskih studija Sveu\u010dili\u0161ta u Zagrebu <strong>PDF | 662 KB<\/strong>\u00a0<\/a><\/a><\/p>\n\n\n\n<p><a href=\"https:\/\/www.azvo.hr\/wp-azvo-files\/uploads\/2026\/04\/Prof.-Lesinger.pdf\" target=\"_blank\" rel=\"noreferrer noopener\">\u201eOblikovanje nastavnika za medijsko, digitalno i inkluzivno doba kroz razvojno-prevencijske pristupe\u201c, izv. prof. dr. sc. Gordana Lesinger, Fakultet za odgojne i obrazovne znanosti Sveu\u010dili\u0161ta Josipa Jurja Strossmayera u Osijeku <strong>PDF | 1 MB<\/strong>&nbsp;<\/a><\/p>\n\n\n\n<p><a href=\"https:\/\/www.azvo.hr\/wp-azvo-files\/uploads\/2026\/04\/Kukuljan.pdf\" target=\"_blank\" rel=\"noreferrer noopener\">\u201eNova era mentorstva: Kako NotebookLM poma\u017ee studentima u svladavanju slo\u017eene literature\u201c, Dario Kukuljan, Sveu\u010dili\u0161te u Puli<strong> PDF | 2 MB<\/strong>&nbsp;<\/a><\/p>\n\n\n\n<p><a href=\"https:\/\/www.azvo.hr\/wp-azvo-files\/uploads\/2026\/04\/Program-seminara_Nastavnicke-kompetencije_AZVOK-1.pdf\" target=\"_blank\" rel=\"noreferrer noopener\">Program seminara \u201ePrimjeri dobre prakse u provo\u0111enju aktivnosti podr\u0161ke nastavnicima u ja\u010danju nastavni\u010dkih kompetencija na visokim u\u010dili\u0161tima u RH\u201c <strong>PDF | 343 KB<\/strong>&nbsp;<\/a><\/p>\n<\/details>\n\n\n\n<div class=\"wp-block-kadence-spacer aligncenter kt-block-spacer-304_e8e31b-97\"><div class=\"kt-block-spacer kt-block-spacer-halign-center\"><hr class=\"kt-divider\"\/><\/div><\/div>\n\n\n\n<details class=\"wp-block-details is-layout-flow wp-block-details-is-layout-flow\"><summary><strong>Edukacija za unos podataka potrebnih za izradu analiti\u010dkog priloga u postupku reakreditacije (12.05.2025.)<\/strong><\/summary>\n<p><a href=\"https:\/\/www.azvo.hr\/wp-azvo-files\/uploads\/2025\/05\/Informacijski-sustav-pokazatelja-i-kvalitete-ISPiK-i-reakreditacija-visokih-ucilista.pdf\" data-type=\"link\" data-id=\"https:\/\/www.azvo.hr\/wp-azvo-files\/uploads\/2025\/05\/Informacijski-sustav-pokazatelja-i-kvalitete-ISPiK-i-reakreditacija-visokih-ucilista.pdf\">Informacijski sustav pokazatelja i kvalitete (ISPiK) i reakreditacija visokih u\u010dili\u0161ta<\/a><\/p>\n\n\n\n<p><a href=\"https:\/\/www.azvo.hr\/wp-azvo-files\/uploads\/2025\/05\/Informacijski-sustav-znanosti-RH-CroRIS.pdf\" data-type=\"link\" data-id=\"https:\/\/www.azvo.hr\/wp-azvo-files\/uploads\/2025\/05\/Informacijski-sustav-znanosti-RH-CroRIS.pdf\">Informacijski sustav znanosti RH \u2013 CroRIS<\/a><\/p>\n\n\n\n<p><a href=\"https:\/\/www.azvo.hr\/wp-azvo-files\/uploads\/2025\/05\/CroRIS-i-priprema-izvjestaja.pdf\" data-type=\"link\" data-id=\"https:\/\/www.azvo.hr\/wp-azvo-files\/uploads\/2025\/05\/CroRIS-i-priprema-izvjestaja.pdf\">CroRIS i priprema izvje\u0161taja<\/a><\/p>\n\n\n\n<p><a href=\"https:\/\/www.azvo.hr\/wp-azvo-files\/uploads\/2025\/05\/PROGRAM-EDUKACIJE-ZA-UNOS-PODATAKA-U-POSTUPKU-REAKREDITACIJE-ZA-VISOKA-UCILISTA.pdf\" data-type=\"link\" data-id=\"https:\/\/www.azvo.hr\/wp-azvo-files\/uploads\/2025\/05\/PROGRAM-EDUKACIJE-ZA-UNOS-PODATAKA-U-POSTUPKU-REAKREDITACIJE-ZA-VISOKA-UCILISTA.pdf\">Program edukacije<\/a><\/p>\n<\/details>\n\n\n\n<div class=\"wp-block-kadence-spacer aligncenter kt-block-spacer-304_532cd2-d2\"><div class=\"kt-block-spacer kt-block-spacer-halign-center\"><hr class=\"kt-divider\"\/><\/div><\/div>\n\n\n\n<details class=\"wp-block-details is-layout-flow wp-block-details-is-layout-flow\"><summary><strong>Edukacija za izradu samoanalize u postupku reakreditacije (06.05.2025.)<br><\/strong><\/summary>\n<p><a href=\"https:\/\/www.azvo.hr\/wp-azvo-files\/uploads\/2025\/05\/Pravilnik-o-provedbi-postupka-reakreditacije-visokih-ucilista-Vlatka-Susnjak-Kuljis.pptx\" data-type=\"link\" data-id=\"https:\/\/www.azvo.hr\/wp-azvo-files\/uploads\/2025\/05\/Pravilnik-o-provedbi-postupka-reakreditacije-visokih-ucilista-Vlatka-Susnjak-Kuljis.pptx\">Pravilnik o provedbi postupka reakreditacije visokih u\u010dili\u0161ta \u2013 Vlatka \u0160u\u0161njak Kulji\u0161 (AZVO)<\/a><\/p>\n\n\n\n<p><a href=\"https:\/\/www.azvo.hr\/wp-azvo-files\/uploads\/2025\/05\/Standardi-za-vrednovanje-kvalitete-u-postupku-reakreditacije-visokih-ucilista-i-Analiticki-prilog-samoanalizi-Matan-Culo-i-Davor-Juric.pptx\" data-type=\"link\" data-id=\"https:\/\/www.azvo.hr\/wp-azvo-files\/uploads\/2025\/05\/Standardi-za-vrednovanje-kvalitete-u-postupku-reakreditacije-visokih-ucilista-i-Analiticki-prilog-samoanalizi-Matan-Culo-i-Davor-Juric.pptx\">Standardi za vrednovanje kvalitete u postupku reakreditacije visokih u\u010dili\u0161ta i Analiti\u010dki prilog samoanalizi \u2013 Matan \u010culo i Davor Juri\u0107 (AZVO)<\/a><\/p>\n\n\n\n<p><a href=\"https:\/\/www.azvo.hr\/wp-azvo-files\/uploads\/2025\/05\/Pregled-procesa-unosa-podataka-i-sustava-za-izradu-analitickog-priloga-u-postupku-reakreditacije-Nadza-Milanovic-i-Petra-Udovicic.pptx\" data-type=\"link\" data-id=\"https:\/\/www.azvo.hr\/wp-azvo-files\/uploads\/2025\/05\/Pregled-procesa-unosa-podataka-i-sustava-za-izradu-analitickog-priloga-u-postupku-reakreditacije-Nadza-Milanovic-i-Petra-Udovicic.pptx\">Pregled procesa unosa podataka i sustava za izradu analiti\u010dkog priloga u postupku reakreditacije \u2013 Nad\u017ea Milanovi\u0107 i Petra Udovi\u010di\u0107 (SRCE)<\/a><\/p>\n<\/details>\n\n\n\n<div class=\"wp-block-kadence-spacer aligncenter kt-block-spacer-304_a4f357-61\"><div class=\"kt-block-spacer kt-block-spacer-halign-center\"><hr class=\"kt-divider\"\/><\/div><\/div>\n\n\n\n<details class=\"wp-block-details is-layout-flow wp-block-details-is-layout-flow\"><summary><strong>Edukacija za unos podataka potrebnih za izradu analiti\u010dkog priloga u postupku reakreditacije (15.01.2025)<\/strong><\/summary>\n<p><a href=\"https:\/\/www.azvo.hr\/wp-azvo-files\/uploads\/2025\/01\/20250115_ISPIK_Reakreditacija_Edukacija.pptx\" data-type=\"link\" data-id=\"https:\/\/www.azvo.hr\/wp-azvo-files\/uploads\/2025\/01\/20250115_ISPIK_Reakreditacija_Edukacija.pptx\">Informacijski sustav pokazatelja i kvalitete (ISPiK) i reakreditacija visokih u\u010dili\u0161ta<\/a><\/p>\n\n\n\n<p><a href=\"https:\/\/azvok.azvo.hr\/wp-content\/uploads\/2025\/11\/Informacijski-sustav-znanosti-RH-CroRIS.pdf\">Informacijski sustav znanosti RH \u2013 CroRIS kao izvor podataka za potrebe reakreditacije visokih u\u010dili\u0161ta<\/a><\/p>\n\n\n\n<p><a href=\"https:\/\/www.azvo.hr\/wp-azvo-files\/uploads\/2025\/01\/PROGRAM-EDUKACIJE-ZA-UNOS-PODATAKA-U-POSTUPKU-REAKREDITACIJE-ZA-VISOKA-UCILISTA.pdf\" data-type=\"link\" data-id=\"https:\/\/www.azvo.hr\/wp-azvo-files\/uploads\/2025\/01\/PROGRAM-EDUKACIJE-ZA-UNOS-PODATAKA-U-POSTUPKU-REAKREDITACIJE-ZA-VISOKA-UCILISTA.pdf\">Program edukacije<\/a><\/p>\n<\/details>\n\n\n\n<div class=\"wp-block-kadence-spacer aligncenter kt-block-spacer-304_e1424b-97\"><div class=\"kt-block-spacer kt-block-spacer-halign-center\"><hr class=\"kt-divider\"\/><\/div><\/div>\n\n\n\n<details class=\"wp-block-details is-layout-flow wp-block-details-is-layout-flow\"><summary><strong>Edukacija za izradu samoanalize u postupku reakreditacije (17.12.2024)<\/strong><\/summary>\n<p><a href=\"https:\/\/www.azvo.hr\/wp-azvo-files\/uploads\/2024\/12\/Pravilnik-o-provedbi-postupka-reakreditacije-visokih-ucilista.pptx\" data-type=\"link\" data-id=\"https:\/\/www.azvo.hr\/wp-azvo-files\/uploads\/2024\/12\/Pravilnik-o-provedbi-postupka-reakreditacije-visokih-ucilista.pptx\">Pravilnik o provedbi postupka reakreditacije visokih u\u010dili\u0161ta<\/a><\/p>\n\n\n\n<p><a href=\"https:\/\/www.azvo.hr\/wp-azvo-files\/uploads\/2024\/12\/Standardi-za-vrednovanje-kvalitete-u-postupku-reakreditacije-visokih-ucilista-i-Analiticki-prilog-samoanalizi.pptx\" data-type=\"link\" data-id=\"https:\/\/www.azvo.hr\/wp-azvo-files\/uploads\/2024\/12\/Standardi-za-vrednovanje-kvalitete-u-postupku-reakreditacije-visokih-ucilista-i-Analiticki-prilog-samoanalizi.pptx\">Standardi za vrednovanje kvalitete u postupku reakreditacije visokih u\u010dili\u0161ta i analiti\u010dki prilog samoanalizi<\/a><\/p>\n\n\n\n<p><a href=\"https:\/\/www.azvo.hr\/wp-azvo-files\/uploads\/2024\/12\/Pregled-procesa-unosa-podataka-i-sustava-za-izradu-analitickog-priloga-u-postupku-reakreditacije.pptx\" data-type=\"link\" data-id=\"https:\/\/www.azvo.hr\/wp-azvo-files\/uploads\/2024\/12\/Pregled-procesa-unosa-podataka-i-sustava-za-izradu-analitickog-priloga-u-postupku-reakreditacije.pptx\">Pregled procesa unosa podataka i sustava za izradu analiti\u010dkog priloga u postupku reakreditacije<\/a><\/p>\n\n\n\n<p><a href=\"https:\/\/www.azvo.hr\/wp-azvo-files\/uploads\/2024\/12\/Pregled-programa-mobilnosti-u-sustavu-znanosti-i-visokog-obrazovanja.pptx\" data-type=\"link\" data-id=\"https:\/\/www.azvo.hr\/wp-azvo-files\/uploads\/2024\/12\/Pregled-programa-mobilnosti-u-sustavu-znanosti-i-visokog-obrazovanja.pptx\">Pregled programa mobilnosti u sustavu znanosti i visokog obrazovanja<\/a><\/p>\n\n\n\n<p><a href=\"https:\/\/www.azvo.hr\/wp-azvo-files\/uploads\/2024\/12\/PROGRAM-EDUKACIJE-ZA-IZRADU-SAMOANALIZE-U-POSTUPKU-REAKREDITACIJE-ZA-VISOKA-UCILISTA.pdf\">Program edukacije za izradu samoanalize u postupku reakreditacije visokih u\u010dili\u0161ta u 2025. godini<\/a><\/p>\n<\/details>\n\n\n\n<div class=\"wp-block-kadence-spacer aligncenter kt-block-spacer-304_95326c-8f\"><div class=\"kt-block-spacer kt-block-spacer-halign-center\"><hr class=\"kt-divider\"\/><\/div><\/div>\n\n\n\n<div class=\"wp-block-buttons is-layout-flex wp-block-buttons-is-layout-flex\">\n<div class=\"wp-block-button\"><a class=\"wp-block-button__link wp-element-button\" href=\"https:\/\/azvok.azvo.hr\/?page_id=44\">Povatak<\/a><\/div>\n<\/div>\n","protected":false},"excerpt":{"rendered":"","protected":false},"author":1,"featured_media":277,"parent":0,"menu_order":0,"comment_status":"closed","ping_status":"closed","template":"","meta":{"footnotes":""},"class_list":["post-304","page","type-page","status-publish","has-post-thumbnail","hentry"],"rttpg_featured_image_url":{"full":["https:\/\/azvok.azvo.hr\/wp-content\/uploads\/2025\/10\/esf_azvok_eu_HR_2.svg",0,0,false],"landscape":["https:\/\/azvok.azvo.hr\/wp-content\/uploads\/2025\/10\/esf_azvok_eu_HR_2.svg",0,0,false],"portraits":["https:\/\/azvok.azvo.hr\/wp-content\/uploads\/2025\/10\/esf_azvok_eu_HR_2.svg",0,0,false],"thumbnail":["https:\/\/azvok.azvo.hr\/wp-content\/uploads\/2025\/10\/esf_azvok_eu_HR_2.svg",1,1,false],"medium":["https:\/\/azvok.azvo.hr\/wp-content\/uploads\/2025\/10\/esf_azvok_eu_HR_2.svg",1,1,false],"large":["https:\/\/azvok.azvo.hr\/wp-content\/uploads\/2025\/10\/esf_azvok_eu_HR_2.svg",1,1,false],"1536x1536":["https:\/\/azvok.azvo.hr\/wp-content\/uploads\/2025\/10\/esf_azvok_eu_HR_2.svg",1,1,false],"2048x2048":["https:\/\/azvok.azvo.hr\/wp-content\/uploads\/2025\/10\/esf_azvok_eu_HR_2.svg",1,1,false],"ultp_layout_landscape_large":["https:\/\/azvok.azvo.hr\/wp-content\/uploads\/2025\/10\/esf_azvok_eu_HR_2.svg",1,1,false],"ultp_layout_landscape":["https:\/\/azvok.azvo.hr\/wp-content\/uploads\/2025\/10\/esf_azvok_eu_HR_2.svg",1,1,false],"ultp_layout_portrait":["https:\/\/azvok.azvo.hr\/wp-content\/uploads\/2025\/10\/esf_azvok_eu_HR_2.svg",1,1,false],"ultp_layout_square":["https:\/\/azvok.azvo.hr\/wp-content\/uploads\/2025\/10\/esf_azvok_eu_HR_2.svg",1,1,false]},"rttpg_author":{"display_name":"azvok","author_link":"https:\/\/azvok.azvo.hr\/?author=1"},"rttpg_comment":0,"rttpg_category":null,"rttpg_excerpt":null,"_links":{"self":[{"href":"https:\/\/azvok.azvo.hr\/index.php?rest_route=\/wp\/v2\/pages\/304","targetHints":{"allow":["GET"]}}],"collection":[{"href":"https:\/\/azvok.azvo.hr\/index.php?rest_route=\/wp\/v2\/pages"}],"about":[{"href":"https:\/\/azvok.azvo.hr\/index.php?rest_route=\/wp\/v2\/types\/page"}],"author":[{"embeddable":true,"href":"https:\/\/azvok.azvo.hr\/index.php?rest_route=\/wp\/v2\/users\/1"}],"replies":[{"embeddable":true,"href":"https:\/\/azvok.azvo.hr\/index.php?rest_route=%2Fwp%2Fv2%2Fcomments&post=304"}],"version-history":[{"count":54,"href":"https:\/\/azvok.azvo.hr\/index.php?rest_route=\/wp\/v2\/pages\/304\/revisions"}],"predecessor-version":[{"id":577,"href":"https:\/\/azvok.azvo.hr\/index.php?rest_route=\/wp\/v2\/pages\/304\/revisions\/577"}],"wp:featuredmedia":[{"embeddable":true,"href":"https:\/\/azvok.azvo.hr\/index.php?rest_route=\/wp\/v2\/media\/277"}],"wp:attachment":[{"href":"https:\/\/azvok.azvo.hr\/index.php?rest_route=%2Fwp%2Fv2%2Fmedia&parent=304"}],"curies":[{"name":"wp","href":"https:\/\/api.w.org\/{rel}","templated":true}]}}