{"id":360,"date":"2025-11-12T08:20:27","date_gmt":"2025-11-12T07:20:27","guid":{"rendered":"https:\/\/azvok.azvo.hr\/?page_id=360"},"modified":"2026-03-23T13:55:57","modified_gmt":"2026-03-23T12:55:57","slug":"uvjeti-koristenja","status":"publish","type":"page","link":"https:\/\/azvok.azvo.hr\/?page_id=360","title":{"rendered":"Uvjeti kori\u0161tenja"},"content":{"rendered":"\n<blockquote class=\"wp-block-quote is-layout-flow wp-block-quote-is-layout-flow\">\n<p><strong>Op\u0107e odredbe<\/strong><\/p>\n<\/blockquote>\n\n\n\n<p>Ova stranica <a href=\"https:\/\/azvok.azvo.hr\">https:\/\/azvok.azvo.hr<\/a> projektna je mre\u017ena stranica <strong>Agencije za znanost i visoko obrazovanje<\/strong> (u nastavku: Agencija).<br>Kori\u0161tenjem ove stranice smatra se da su korisnici upoznati s ovim <strong>Uvjetima kori\u0161tenja<\/strong>, da ih razumiju te da su s njima suglasni.<\/p>\n\n\n\n<p>Agencija zadr\u017eava pravo izmjene sadr\u017eaja mre\u017ene stranice i ovih Uvjeta kori\u0161tenja u bilo kojem trenutku, bez prethodne najave.<\/p>\n\n\n\n<blockquote class=\"wp-block-quote is-layout-flow wp-block-quote-is-layout-flow\">\n<p><strong>Autorska prava i kori\u0161tenje sadr\u017eaja<\/strong><\/p>\n<\/blockquote>\n\n\n\n<p>Svi tekstovi, dokumenti, fotografije, grafike, logotipi i drugi sadr\u017eaji objavljeni na ovoj mre\u017enoj stranici <strong>vlasni\u0161tvo su Agencije za znanost i visoko obrazovanje<\/strong>, osim ako nije druga\u010dije navedeno.<\/p>\n\n\n\n<p>Dopu\u0161teno je preuzimanje i objava sadr\u017eaja s ove stranice <strong>uz obvezno navo\u0111enje izvora<\/strong> i postavljanje poveznice na mre\u017enu stranicu Agencije (npr. \u201cpreuzeto s <a href=\"https:\/\/www.azvo.hr\">www.azvo.hr<\/a>\u201d ili \u201c<a href=\"https:\/\/azvok.azvo.hr\">azvok.azvo.hr<\/a>\u201d).<\/p>\n\n\n\n<p>Svako umno\u017eavanje, distribucija ili kori\u0161tenje sadr\u017eaja u <strong>komercijalne svrhe<\/strong> dopu\u0161teno je isklju\u010divo uz prethodno <strong>pismeno odobrenje<\/strong> Agencije kao nositelja autorskih prava.<\/p>\n\n\n\n<blockquote class=\"wp-block-quote is-layout-flow wp-block-quote-is-layout-flow\">\n<p><strong>To\u010dnost i odgovornost za sadr\u017eaj<\/strong><\/p>\n<\/blockquote>\n\n\n\n<p>Agencija nastoji da svi objavljeni podaci budu <strong>to\u010dni, potpuni i a\u017eurni<\/strong>, no ne preuzima odgovornost za:<\/p>\n\n\n\n<ul class=\"wp-block-list\">\n<li>mogu\u0107u neto\u010dnost ili nepotpunost objavljenih informacija,<\/li>\n\n\n\n<li>sadr\u017eaj vanjskih poveznica (linkova) koji vode na druge mre\u017ene stranice,<\/li>\n\n\n\n<li>eventualne \u0161tete ili gubitke nastale kori\u0161tenjem informacija s ove stranice,<\/li>\n\n\n\n<li>o\u0161te\u0107enja opreme ili podataka korisnika prilikom preuzimanja datoteka s ove ili povezanih stranica.<\/li>\n<\/ul>\n\n\n\n<blockquote class=\"wp-block-quote is-layout-flow wp-block-quote-is-layout-flow\">\n<p><strong>Poveznice na druge mre\u017ene stranice<\/strong><\/p>\n<\/blockquote>\n\n\n\n<p>Ova stranica mo\u017ee sadr\u017eavati poveznice na vanjske mre\u017ene stranice koje nisu pod kontrolom Agencije.<br>Agencija nije odgovorna za sadr\u017eaj, politiku privatnosti ili sigurnost tih vanjskih stranica te korisnici pristupaju takvim poveznicama <strong>na vlastitu odgovornost<\/strong>.<\/p>\n\n\n\n<blockquote class=\"wp-block-quote is-layout-flow wp-block-quote-is-layout-flow\">\n<p><strong>Privatnost i za\u0161tita podataka<\/strong><\/p>\n<\/blockquote>\n\n\n\n<p>Agencija po\u0161tuje privatnost posjetitelja i obra\u0111uje osobne podatke u skladu s va\u017ee\u0107im propisima.<br>Detaljnije informacije dostupne su u dokumentu <strong><a href=\"#\">Izjava o privatnosti<\/a><\/strong> objavljenima na ovoj mre\u017enoj stranici<\/p>\n\n\n\n<blockquote class=\"wp-block-quote is-layout-flow wp-block-quote-is-layout-flow\">\n<p><strong>Ograni\u010denje odgovornosti<\/strong><\/p>\n<\/blockquote>\n\n\n\n<p>Agencija ne jam\u010di da \u0107e pristup mre\u017enoj stranici biti neprekidan ili bez gre\u0161aka, niti da \u0107e sama stranica ili povezni poslu\u017eitelji biti bez virusa ili drugih \u0161tetnih komponenti.<br>Korisnik preuzima odgovornost za kori\u0161tenje mre\u017ene stranice i svih povezanih resursa.<\/p>\n\n\n\n<blockquote class=\"wp-block-quote is-layout-flow wp-block-quote-is-layout-flow\">\n<p><strong>Izmjene i dopune<\/strong><\/p>\n<\/blockquote>\n\n\n\n<p>Agencija zadr\u017eava pravo izmjene sadr\u017eaja mre\u017ene stranice, uklju\u010duju\u0107i i ove Uvjete kori\u0161tenja, <strong>bez prethodne najave<\/strong>.<br>Korisnicima se preporu\u010duje da povremeno provjere ovu stranicu radi uvida u mogu\u0107e izmjene.<\/p>\n\n\n\n<p>\ud83d\udcc5 <strong>Zadnje a\u017euriranje:<\/strong> 23. o\u017eujak 2026.<\/p>\n","protected":false},"excerpt":{"rendered":"<p>Op\u0107e odredbe Ova stranica https:\/\/azvok.azvo.hr projektna je mre\u017ena stranica Agencije za znanost i visoko obrazovanje (u nastavku: Agencija).Kori\u0161tenjem ove stranice smatra se da su korisnici upoznati s ovim Uvjetima kori\u0161tenja, da ih razumiju te da su s njima suglasni. Agencija zadr\u017eava pravo izmjene sadr\u017eaja mre\u017ene stranice i ovih Uvjeta kori\u0161tenja u bilo kojem trenutku, bez [&hellip;]<\/p>\n","protected":false},"author":1,"featured_media":277,"parent":0,"menu_order":0,"comment_status":"closed","ping_status":"closed","template":"","meta":{"footnotes":""},"class_list":["post-360","page","type-page","status-publish","has-post-thumbnail","hentry"],"rttpg_featured_image_url":{"full":["https:\/\/azvok.azvo.hr\/wp-content\/uploads\/2025\/10\/esf_azvok_eu_HR_2.svg",0,0,false],"landscape":["https:\/\/azvok.azvo.hr\/wp-content\/uploads\/2025\/10\/esf_azvok_eu_HR_2.svg",0,0,false],"portraits":["https:\/\/azvok.azvo.hr\/wp-content\/uploads\/2025\/10\/esf_azvok_eu_HR_2.svg",0,0,false],"thumbnail":["https:\/\/azvok.azvo.hr\/wp-content\/uploads\/2025\/10\/esf_azvok_eu_HR_2.svg",1,1,false],"medium":["https:\/\/azvok.azvo.hr\/wp-content\/uploads\/2025\/10\/esf_azvok_eu_HR_2.svg",1,1,false],"large":["https:\/\/azvok.azvo.hr\/wp-content\/uploads\/2025\/10\/esf_azvok_eu_HR_2.svg",1,1,false],"1536x1536":["https:\/\/azvok.azvo.hr\/wp-content\/uploads\/2025\/10\/esf_azvok_eu_HR_2.svg",1,1,false],"2048x2048":["https:\/\/azvok.azvo.hr\/wp-content\/uploads\/2025\/10\/esf_azvok_eu_HR_2.svg",1,1,false],"ultp_layout_landscape_large":["https:\/\/azvok.azvo.hr\/wp-content\/uploads\/2025\/10\/esf_azvok_eu_HR_2.svg",1,1,false],"ultp_layout_landscape":["https:\/\/azvok.azvo.hr\/wp-content\/uploads\/2025\/10\/esf_azvok_eu_HR_2.svg",1,1,false],"ultp_layout_portrait":["https:\/\/azvok.azvo.hr\/wp-content\/uploads\/2025\/10\/esf_azvok_eu_HR_2.svg",1,1,false],"ultp_layout_square":["https:\/\/azvok.azvo.hr\/wp-content\/uploads\/2025\/10\/esf_azvok_eu_HR_2.svg",1,1,false]},"rttpg_author":{"display_name":"azvok","author_link":"https:\/\/azvok.azvo.hr\/?author=1"},"rttpg_comment":0,"rttpg_category":null,"rttpg_excerpt":"Op\u0107e odredbe Ova stranica https:\/\/azvok.azvo.hr projektna je mre\u017ena stranica Agencije za znanost i visoko obrazovanje (u nastavku: Agencija).Kori\u0161tenjem ove stranice smatra se da su korisnici upoznati s ovim Uvjetima kori\u0161tenja, da ih razumiju te da su s njima suglasni. Agencija zadr\u017eava pravo izmjene sadr\u017eaja mre\u017ene stranice i ovih Uvjeta kori\u0161tenja u bilo kojem trenutku, bez&hellip;","_links":{"self":[{"href":"https:\/\/azvok.azvo.hr\/index.php?rest_route=\/wp\/v2\/pages\/360","targetHints":{"allow":["GET"]}}],"collection":[{"href":"https:\/\/azvok.azvo.hr\/index.php?rest_route=\/wp\/v2\/pages"}],"about":[{"href":"https:\/\/azvok.azvo.hr\/index.php?rest_route=\/wp\/v2\/types\/page"}],"author":[{"embeddable":true,"href":"https:\/\/azvok.azvo.hr\/index.php?rest_route=\/wp\/v2\/users\/1"}],"replies":[{"embeddable":true,"href":"https:\/\/azvok.azvo.hr\/index.php?rest_route=%2Fwp%2Fv2%2Fcomments&post=360"}],"version-history":[{"count":3,"href":"https:\/\/azvok.azvo.hr\/index.php?rest_route=\/wp\/v2\/pages\/360\/revisions"}],"predecessor-version":[{"id":547,"href":"https:\/\/azvok.azvo.hr\/index.php?rest_route=\/wp\/v2\/pages\/360\/revisions\/547"}],"wp:featuredmedia":[{"embeddable":true,"href":"https:\/\/azvok.azvo.hr\/index.php?rest_route=\/wp\/v2\/media\/277"}],"wp:attachment":[{"href":"https:\/\/azvok.azvo.hr\/index.php?rest_route=%2Fwp%2Fv2%2Fmedia&parent=360"}],"curies":[{"name":"wp","href":"https:\/\/api.w.org\/{rel}","templated":true}]}}