{"id":64,"date":"2025-10-06T08:53:34","date_gmt":"2025-10-06T06:53:34","guid":{"rendered":"https:\/\/azvok.azvo.hr\/?page_id=64"},"modified":"2026-02-12T09:48:15","modified_gmt":"2026-02-12T08:48:15","slug":"novosti","status":"publish","type":"page","link":"https:\/\/azvok.azvo.hr\/?page_id=64","title":{"rendered":"Novosti"},"content":{"rendered":"\n<div class=\"wp-block-group has-global-padding is-layout-constrained wp-container-core-group-is-layout-f21cffd6 wp-block-group-is-layout-constrained\" style=\"margin-top:0;margin-bottom:var(--wp--preset--spacing--large);padding-top:0;padding-right:0;padding-bottom:0;padding-left:0\">\n<div class=\"wp-block-group is-content-justification-center is-nowrap is-layout-flex wp-container-core-group-is-layout-2b0e5a3a wp-block-group-is-layout-flex\" style=\"margin-bottom:var(--wp--preset--spacing--x-small)\">\n<h6 class=\"wp-block-heading has-x-small-font-size\" style=\"font-style:normal;font-weight:500\">NOVOSTI<\/h6>\n\n\n\n<hr class=\"wp-block-separator has-text-color has-secondary-color has-alpha-channel-opacity has-secondary-background-color has-background wp-container-content-e1bb55cb\" style=\"margin-top:0;margin-bottom:0\"\/>\n<\/div>\n\n\n\n<h2 class=\"wp-block-heading has-text-align-center\" style=\"margin-bottom:var(--wp--preset--spacing--small);font-style:normal;font-weight:700;line-height:1.1\">Vijesti i aktualnosti<\/h2>\n\n\n        <div class=\"rttpg-block-postgrid rttpg-block-wrapper rttpg-block-56d9a0 tpg-wrapper-align-left tpg-filter-type-dropdown pagination-visibility-show meta-visibility-show section-title-style-default img_hover_animation_default title-two-line title_position_default title_hover_border_default meta_position_default tpg-is-author-icon-default author-image-visibility-icon tpg-category-position-default readmore-btn-default-style grid-hover-overlay-type-always grid-hover-overlay-height-default hover-overlay-height-default tpg-title-border-default filter-nex-prev-btn-visible tpg-cat-style1 slider-scroll-hide act-label-style-inline\">\n            <div class=\"rt-container-fluid rt-tpg-container tpg-el-main-wrapper tpg-gutenberg clearfix grid-layout1-main\"\n                 id=\"rt-tpg-container-489604034\"\n                 data-layout=\"grid-layout1\"\n                 data-grid-style=\"tpg-full-height\" data-sc-id=\"elementor\"\n                 data-el-settings=''\n                 data-el-query=''\n                 data-el-path=''>\n\t\t\t\t                <div class='tpg-header-wrapper '>\n\t\t\t\t\t                <\/div>\n\n                <div class=\"rt-row rt-content-loader gutenberg-inner grid-layout1 grid-behaviour tpg-full-height grid_layout_wrapper\">\n\t\t\t\t\t\n<div class=\"rt-col-md-4 rt-col-sm-6 rt-col-xs-12 default rt-grid-item post-560 post type-post status-publish format-standard hentry category-edukacije\"        data-id=\"560\">\n    <div class=\"rt-holder tpg-post-holder \">\n        <div class=\"rt-detail rt-el-content-wrapper\">\n\t\t\t\n\t\t\t<div class=\"entry-title-wrapper\"><h3 class=\"entry-title\"><a data-id=\"560\" href=\"https:\/\/azvok.azvo.hr\/?p=560\" class=\"tpg-post-link\" target=\"_self\">Odr\u017ean seminar Mre\u017ee jedinica sustava osiguravanja i unaprje\u0111ivanja kvalitete na visokim u\u010dili\u0161tima u RH (CroQAnet)<\/a><\/h3><\/div>\n\t\t\t                <div class=\"post-meta-tags rt-el-post-meta\">\n\t\t\t\t\t            <span class='categories-links'>\n\t\t\t\t<i class='flaticon-folder '><\/i><a class=\"edukacije\" href=\"https:\/\/azvok.azvo.hr\/?cat=7\">EDUKACIJE<\/a>\t\t\t<\/span>\n\t\t\t            <span class='date'>\n\t\t\t\t<i class='flaticon-calendar '><\/i>\t\t\t\t                    <a href=\"https:\/\/azvok.azvo.hr\/?m=20260428\">\n\t\t\t\t\t28.04.2026\t\t\t\t<\/a>\n\t\t\t\t\t\t\t<\/span>\n\t\t\t                <\/div>\n\t\t\t\n\t\t\t                <div class=\"tpg-excerpt tpg-el-excerpt\">\n\t\t\t\t\t                        <div class=\"tpg-excerpt-inner\">\n\t\t\t\t\t\t\tU organizaciji Agencije za znanost i visoko obrazovanje (AZVO), 27. travnja 2026. godine u Zagrebu&#8230;                        <\/div>\n\t\t\t\t\t\t\t\t\t\t                <\/div>\n\t\t\t        <div class=\"post-footer\">\n            <div class=\"post-footer\">\n                <div class=\"read-more\">\n\t\t\t\t\t<a data-id=\"560\" href=\"https:\/\/azvok.azvo.hr\/?p=560\" class=\"tpg-post-link\" target=\"_self\">Vi\u0161e&#8230;<i class='left-icon flaticon-right-arrow right-icon'><\/i><\/a>                <\/div>\n            <\/div>\n        <\/div>\n\t\t        <\/div>\n    <\/div>\n<\/div>\n<div class=\"rt-col-md-4 rt-col-sm-6 rt-col-xs-12 default rt-grid-item post-558 post type-post status-publish format-standard hentry category-edukacije\"        data-id=\"558\">\n    <div class=\"rt-holder tpg-post-holder \">\n        <div class=\"rt-detail rt-el-content-wrapper\">\n\t\t\t\n\t\t\t<div class=\"entry-title-wrapper\"><h3 class=\"entry-title\"><a data-id=\"558\" href=\"https:\/\/azvok.azvo.hr\/?p=558\" class=\"tpg-post-link\" target=\"_self\">U organizaciji AZVO-a odr\u017ean seminar o podr\u0161ci nastavnicima u ja\u010danju nastavni\u010dkih kompetencija na visokim u\u010dili\u0161tima<\/a><\/h3><\/div>\n\t\t\t                <div class=\"post-meta-tags rt-el-post-meta\">\n\t\t\t\t\t            <span class='categories-links'>\n\t\t\t\t<i class='flaticon-folder '><\/i><a class=\"edukacije\" href=\"https:\/\/azvok.azvo.hr\/?cat=7\">EDUKACIJE<\/a>\t\t\t<\/span>\n\t\t\t            <span class='date'>\n\t\t\t\t<i class='flaticon-calendar '><\/i>\t\t\t\t                    <a href=\"https:\/\/azvok.azvo.hr\/?m=20260427\">\n\t\t\t\t\t27.04.2026\t\t\t\t<\/a>\n\t\t\t\t\t\t\t<\/span>\n\t\t\t                <\/div>\n\t\t\t\n\t\t\t                <div class=\"tpg-excerpt tpg-el-excerpt\">\n\t\t\t\t\t                        <div class=\"tpg-excerpt-inner\">\n\t\t\t\t\t\t\tAgencija za znanost i visoko obrazovanje (AZVO) odr\u017eala je 24. travnja 2026. godine u Zagrebu&#8230;                        <\/div>\n\t\t\t\t\t\t\t\t\t\t                <\/div>\n\t\t\t        <div class=\"post-footer\">\n            <div class=\"post-footer\">\n                <div class=\"read-more\">\n\t\t\t\t\t<a data-id=\"558\" href=\"https:\/\/azvok.azvo.hr\/?p=558\" class=\"tpg-post-link\" target=\"_self\">Vi\u0161e&#8230;<i class='left-icon flaticon-right-arrow right-icon'><\/i><\/a>                <\/div>\n            <\/div>\n        <\/div>\n\t\t        <\/div>\n    <\/div>\n<\/div>\n<div class=\"rt-col-md-4 rt-col-sm-6 rt-col-xs-12 default rt-grid-item post-554 post type-post status-publish format-standard hentry category-edukacije\"        data-id=\"554\">\n    <div class=\"rt-holder tpg-post-holder \">\n        <div class=\"rt-detail rt-el-content-wrapper\">\n\t\t\t\n\t\t\t<div class=\"entry-title-wrapper\"><h3 class=\"entry-title\"><a data-id=\"554\" href=\"https:\/\/azvok.azvo.hr\/?p=554\" class=\"tpg-post-link\" target=\"_self\">Najava seminara: Ja\u010danje nastavni\u010dkih kompetencija u visokom obrazovanju<\/a><\/h3><\/div>\n\t\t\t                <div class=\"post-meta-tags rt-el-post-meta\">\n\t\t\t\t\t            <span class='categories-links'>\n\t\t\t\t<i class='flaticon-folder '><\/i><a class=\"edukacije\" href=\"https:\/\/azvok.azvo.hr\/?cat=7\">EDUKACIJE<\/a>\t\t\t<\/span>\n\t\t\t            <span class='date'>\n\t\t\t\t<i class='flaticon-calendar '><\/i>\t\t\t\t                    <a href=\"https:\/\/azvok.azvo.hr\/?m=20260420\">\n\t\t\t\t\t20.04.2026\t\t\t\t<\/a>\n\t\t\t\t\t\t\t<\/span>\n\t\t\t                <\/div>\n\t\t\t\n\t\t\t                <div class=\"tpg-excerpt tpg-el-excerpt\">\n\t\t\t\t\t                        <div class=\"tpg-excerpt-inner\">\n\t\t\t\t\t\t\tAgencija za znanost i visoko obrazovanje (AZVO) organizira seminar pod nazivom \u201ePrimjeri dobre&#8230;                        <\/div>\n\t\t\t\t\t\t\t\t\t\t                <\/div>\n\t\t\t        <div class=\"post-footer\">\n            <div class=\"post-footer\">\n                <div class=\"read-more\">\n\t\t\t\t\t<a data-id=\"554\" href=\"https:\/\/azvok.azvo.hr\/?p=554\" class=\"tpg-post-link\" target=\"_self\">Vi\u0161e&#8230;<i class='left-icon flaticon-right-arrow right-icon'><\/i><\/a>                <\/div>\n            <\/div>\n        <\/div>\n\t\t        <\/div>\n    <\/div>\n<\/div>\n<div class=\"rt-col-md-4 rt-col-sm-6 rt-col-xs-12 default rt-grid-item post-551 post type-post status-publish format-standard hentry category-edukacije\"        data-id=\"551\">\n    <div class=\"rt-holder tpg-post-holder \">\n        <div class=\"rt-detail rt-el-content-wrapper\">\n\t\t\t\n\t\t\t<div class=\"entry-title-wrapper\"><h3 class=\"entry-title\"><a data-id=\"551\" href=\"https:\/\/azvok.azvo.hr\/?p=551\" class=\"tpg-post-link\" target=\"_self\">Javni poziv za prijavu predava\u010da na seminaru za predstavnike jedinica za osiguravanje i unaprje\u0111ivanje kvalitete visokih u\u010dili\u0161ta<\/a><\/h3><\/div>\n\t\t\t                <div class=\"post-meta-tags rt-el-post-meta\">\n\t\t\t\t\t            <span class='categories-links'>\n\t\t\t\t<i class='flaticon-folder '><\/i><a class=\"edukacije\" href=\"https:\/\/azvok.azvo.hr\/?cat=7\">EDUKACIJE<\/a>\t\t\t<\/span>\n\t\t\t            <span class='date'>\n\t\t\t\t<i class='flaticon-calendar '><\/i>\t\t\t\t                    <a href=\"https:\/\/azvok.azvo.hr\/?m=20260401\">\n\t\t\t\t\t01.04.2026\t\t\t\t<\/a>\n\t\t\t\t\t\t\t<\/span>\n\t\t\t                <\/div>\n\t\t\t\n\t\t\t                <div class=\"tpg-excerpt tpg-el-excerpt\">\n\t\t\t\t\t                        <div class=\"tpg-excerpt-inner\">\n\t\t\t\t\t\t\tPutem ovog javnog poziva AZVO \u0107e odabrati jednog predava\u010da predstavnika veleu\u010dili\u0161ta koji \u0107e&#8230;                        <\/div>\n\t\t\t\t\t\t\t\t\t\t                <\/div>\n\t\t\t        <div class=\"post-footer\">\n            <div class=\"post-footer\">\n                <div class=\"read-more\">\n\t\t\t\t\t<a data-id=\"551\" href=\"https:\/\/azvok.azvo.hr\/?p=551\" class=\"tpg-post-link\" target=\"_self\">Vi\u0161e&#8230;<i class='left-icon flaticon-right-arrow right-icon'><\/i><\/a>                <\/div>\n            <\/div>\n        <\/div>\n\t\t        <\/div>\n    <\/div>\n<\/div>\n<div class=\"rt-col-md-4 rt-col-sm-6 rt-col-xs-12 default rt-grid-item post-540 post type-post status-publish format-standard hentry category-novosti\"        data-id=\"540\">\n    <div class=\"rt-holder tpg-post-holder \">\n        <div class=\"rt-detail rt-el-content-wrapper\">\n\t\t\t\n\t\t\t<div class=\"entry-title-wrapper\"><h3 class=\"entry-title\"><a data-id=\"540\" href=\"https:\/\/azvok.azvo.hr\/?p=540\" class=\"tpg-post-link\" target=\"_self\">Sudjelovanje AZVO-a na ECA seminaru i radionici u Heidelbergu<\/a><\/h3><\/div>\n\t\t\t                <div class=\"post-meta-tags rt-el-post-meta\">\n\t\t\t\t\t            <span class='categories-links'>\n\t\t\t\t<i class='flaticon-folder '><\/i><a class=\"novosti\" href=\"https:\/\/azvok.azvo.hr\/?cat=8\">NOVOSTI<\/a>\t\t\t<\/span>\n\t\t\t            <span class='date'>\n\t\t\t\t<i class='flaticon-calendar '><\/i>\t\t\t\t                    <a href=\"https:\/\/azvok.azvo.hr\/?m=20260318\">\n\t\t\t\t\t18.03.2026\t\t\t\t<\/a>\n\t\t\t\t\t\t\t<\/span>\n\t\t\t                <\/div>\n\t\t\t\n\t\t\t                <div class=\"tpg-excerpt tpg-el-excerpt\">\n\t\t\t\t\t                        <div class=\"tpg-excerpt-inner\">\n\t\t\t\t\t\t\tDjelatnici Agencije za znanost i visoko obrazovanje (AZVO) sudjelovali su na seminaru Europskog&#8230;                        <\/div>\n\t\t\t\t\t\t\t\t\t\t                <\/div>\n\t\t\t        <div class=\"post-footer\">\n            <div class=\"post-footer\">\n                <div class=\"read-more\">\n\t\t\t\t\t<a data-id=\"540\" href=\"https:\/\/azvok.azvo.hr\/?p=540\" class=\"tpg-post-link\" target=\"_self\">Vi\u0161e&#8230;<i class='left-icon flaticon-right-arrow right-icon'><\/i><\/a>                <\/div>\n            <\/div>\n        <\/div>\n\t\t        <\/div>\n    <\/div>\n<\/div>\n<div class=\"rt-col-md-4 rt-col-sm-6 rt-col-xs-12 default rt-grid-item post-549 post type-post status-publish format-standard hentry category-edukacije\"        data-id=\"549\">\n    <div class=\"rt-holder tpg-post-holder \">\n        <div class=\"rt-detail rt-el-content-wrapper\">\n\t\t\t\n\t\t\t<div class=\"entry-title-wrapper\"><h3 class=\"entry-title\"><a data-id=\"549\" href=\"https:\/\/azvok.azvo.hr\/?p=549\" class=\"tpg-post-link\" target=\"_self\">Javni pozivi\u00a0za\u00a0prijavu\u00a0predava\u010da na seminarima za visoka u\u010dili\u0161ta<\/a><\/h3><\/div>\n\t\t\t                <div class=\"post-meta-tags rt-el-post-meta\">\n\t\t\t\t\t            <span class='categories-links'>\n\t\t\t\t<i class='flaticon-folder '><\/i><a class=\"edukacije\" href=\"https:\/\/azvok.azvo.hr\/?cat=7\">EDUKACIJE<\/a>\t\t\t<\/span>\n\t\t\t            <span class='date'>\n\t\t\t\t<i class='flaticon-calendar '><\/i>\t\t\t\t                    <a href=\"https:\/\/azvok.azvo.hr\/?m=20260304\">\n\t\t\t\t\t04.03.2026\t\t\t\t<\/a>\n\t\t\t\t\t\t\t<\/span>\n\t\t\t                <\/div>\n\t\t\t\n\t\t\t                <div class=\"tpg-excerpt tpg-el-excerpt\">\n\t\t\t\t\t                        <div class=\"tpg-excerpt-inner\">\n\t\t\t\t\t\t\tAgencija za znanost i visoko obrazovanje objavljuje pozive za prijavu predava\u010da na seminarima za&#8230;                        <\/div>\n\t\t\t\t\t\t\t\t\t\t                <\/div>\n\t\t\t        <div class=\"post-footer\">\n            <div class=\"post-footer\">\n                <div class=\"read-more\">\n\t\t\t\t\t<a data-id=\"549\" href=\"https:\/\/azvok.azvo.hr\/?p=549\" class=\"tpg-post-link\" target=\"_self\">Vi\u0161e&#8230;<i class='left-icon flaticon-right-arrow right-icon'><\/i><\/a>                <\/div>\n            <\/div>\n        <\/div>\n\t\t        <\/div>\n    <\/div>\n<\/div>                <\/div>\n\n\t\t\t\t<div class='rt-pagination-wrap' data-total-pages='6' data-posts-per-page='6' data-type='pagination'><div class=\"rt-pagination\"><ul class=\"pagination-list\"><li class=\"active\"><span>1<\/span><\/li><li><a data-paged='2' href='https:\/\/azvok.azvo.hr\/index.php?rest_route=%2Fwp%2Fv2%2Fpages%2F64&#038;paged=2'>2<\/a><\/li><li><a data-paged='3' href='https:\/\/azvok.azvo.hr\/index.php?rest_route=%2Fwp%2Fv2%2Fpages%2F64&#038;paged=3'>3<\/a><\/li><li><a data-paged='4' href='https:\/\/azvok.azvo.hr\/index.php?rest_route=%2Fwp%2Fv2%2Fpages%2F64&#038;paged=4'>4<\/a><\/li><li><a data-paged='5' href='https:\/\/azvok.azvo.hr\/index.php?rest_route=%2Fwp%2Fv2%2Fpages%2F64&#038;paged=5'>5<\/a><\/li><li><a data-paged='6' href='https:\/\/azvok.azvo.hr\/index.php?rest_route=%2Fwp%2Fv2%2Fpages%2F64&#038;paged=6'>6<\/a><\/li><\/ul><\/div><\/div>\n            <\/div>\n        <\/div>\n\t\t<\/div>\n","protected":false},"excerpt":{"rendered":"<p>NOVOSTI Vijesti i aktualnosti<\/p>\n","protected":false},"author":1,"featured_media":277,"parent":0,"menu_order":0,"comment_status":"closed","ping_status":"closed","template":"","meta":{"footnotes":""},"class_list":["post-64","page","type-page","status-publish","has-post-thumbnail","hentry"],"rttpg_featured_image_url":{"full":["https:\/\/azvok.azvo.hr\/wp-content\/uploads\/2025\/10\/esf_azvok_eu_HR_2.svg",0,0,false],"landscape":["https:\/\/azvok.azvo.hr\/wp-content\/uploads\/2025\/10\/esf_azvok_eu_HR_2.svg",0,0,false],"portraits":["https:\/\/azvok.azvo.hr\/wp-content\/uploads\/2025\/10\/esf_azvok_eu_HR_2.svg",0,0,false],"thumbnail":["https:\/\/azvok.azvo.hr\/wp-content\/uploads\/2025\/10\/esf_azvok_eu_HR_2.svg",1,1,false],"medium":["https:\/\/azvok.azvo.hr\/wp-content\/uploads\/2025\/10\/esf_azvok_eu_HR_2.svg",1,1,false],"large":["https:\/\/azvok.azvo.hr\/wp-content\/uploads\/2025\/10\/esf_azvok_eu_HR_2.svg",1,1,false],"1536x1536":["https:\/\/azvok.azvo.hr\/wp-content\/uploads\/2025\/10\/esf_azvok_eu_HR_2.svg",1,1,false],"2048x2048":["https:\/\/azvok.azvo.hr\/wp-content\/uploads\/2025\/10\/esf_azvok_eu_HR_2.svg",1,1,false],"ultp_layout_landscape_large":["https:\/\/azvok.azvo.hr\/wp-content\/uploads\/2025\/10\/esf_azvok_eu_HR_2.svg",1,1,false],"ultp_layout_landscape":["https:\/\/azvok.azvo.hr\/wp-content\/uploads\/2025\/10\/esf_azvok_eu_HR_2.svg",1,1,false],"ultp_layout_portrait":["https:\/\/azvok.azvo.hr\/wp-content\/uploads\/2025\/10\/esf_azvok_eu_HR_2.svg",1,1,false],"ultp_layout_square":["https:\/\/azvok.azvo.hr\/wp-content\/uploads\/2025\/10\/esf_azvok_eu_HR_2.svg",1,1,false]},"rttpg_author":{"display_name":"azvok","author_link":"https:\/\/azvok.azvo.hr\/?author=1"},"rttpg_comment":0,"rttpg_category":null,"rttpg_excerpt":"NOVOSTI Vijesti i aktualnosti","_links":{"self":[{"href":"https:\/\/azvok.azvo.hr\/index.php?rest_route=\/wp\/v2\/pages\/64","targetHints":{"allow":["GET"]}}],"collection":[{"href":"https:\/\/azvok.azvo.hr\/index.php?rest_route=\/wp\/v2\/pages"}],"about":[{"href":"https:\/\/azvok.azvo.hr\/index.php?rest_route=\/wp\/v2\/types\/page"}],"author":[{"embeddable":true,"href":"https:\/\/azvok.azvo.hr\/index.php?rest_route=\/wp\/v2\/users\/1"}],"replies":[{"embeddable":true,"href":"https:\/\/azvok.azvo.hr\/index.php?rest_route=%2Fwp%2Fv2%2Fcomments&post=64"}],"version-history":[{"count":35,"href":"https:\/\/azvok.azvo.hr\/index.php?rest_route=\/wp\/v2\/pages\/64\/revisions"}],"predecessor-version":[{"id":512,"href":"https:\/\/azvok.azvo.hr\/index.php?rest_route=\/wp\/v2\/pages\/64\/revisions\/512"}],"wp:featuredmedia":[{"embeddable":true,"href":"https:\/\/azvok.azvo.hr\/index.php?rest_route=\/wp\/v2\/media\/277"}],"wp:attachment":[{"href":"https:\/\/azvok.azvo.hr\/index.php?rest_route=%2Fwp%2Fv2%2Fmedia&parent=64"}],"curies":[{"name":"wp","href":"https:\/\/api.w.org\/{rel}","templated":true}]}}